{"id":106,"date":"2016-10-28T16:15:47","date_gmt":"2016-10-28T14:15:47","guid":{"rendered":"http:\/\/www.fuglister-org.ch\/?page_id=106&#038;lang=de"},"modified":"2022-10-10T11:18:36","modified_gmt":"2022-10-10T09:18:36","slug":"startseite","status":"publish","type":"page","link":"https:\/\/fuglister-org.ch\/de\/","title":{"rendered":"Startseite"},"content":{"rendered":"<div class=\"wpb-content-wrapper\"><p>[vc_row css=&#8220;.vc_custom_1477581316418{margin-top: 0px !important;}&#8220;][vc_column][rev_slider_vc alias=&#8220;accueil&#8220;][\/vc_column][\/vc_row][vc_row][vc_column][vc_separator color=&#8220;black&#8220; border_width=&#8220;2&#8243;][\/vc_column][\/vc_row][vc_row][vc_column width=&#8220;3\/6&#8243;][vc_column_text el_class=&#8220;titre&#8220;]<\/p>\n<h1 class=\"small\" style=\"line-height: 35px;\">ORGELBAU F\u00dcGLISTER<\/h1>\n<p>[\/vc_column_text][vc_column_text el_class=&#8220;titre_mini&#8220;]<\/p>\n<p style=\"text-align: left; line-height: 1.2;\"><span style=\"color: #339966;\">Die faszinierende Welt der Orgel f\u00fchrt uns in die Kunstgeschichte.<\/span><\/p>\n<p>[\/vc_column_text][vc_column_text]Eine st\u00e4ndige Auseinandersetzung mit neuen Herausforderungen f\u00fcr den Bau, die Restaurierung und den Unterhalt von Pfeifenorgeln nach alter Tradition. Der <strong>Wissen der Ahnen<\/strong>, das den jeweiligen Musikstil sicherstellt, und das die technischen und architektonischen Aspekte ber\u00fccksichtigt, garantiert allen Mandaten den Respekt und die Ernsthaftigkeit, die es verdient.<\/p>\n<p>Die Orgelbau F\u00fcglister S\u00e0rl baut, restauriert und pflegt Pfeifenorgeln <strong>nach klassischer Tradition<\/strong>. Die Teile werden in eigenen Werkst\u00e4tten <strong>in der Schweiz<\/strong> hergestellt, restauriert und montiert.<\/p>\n<p>[\/vc_column_text][\/vc_column][vc_column width=&#8220;1\/6&#8243;][\/vc_column][vc_column width=&#8220;2\/6&#8243;][vc_column_text]<\/p>\n<h2>KONTAKTIEREN SIE UNS<\/h2>\n<hr \/>\n<p>Orgelbau F\u00fcglister GmbH<br \/>\nRoute de Saxonne 14, 1974 Arbaz<\/p>\n<p>+41 27 398 24 36<br \/>\n<a href=\"mailto:info@fuglister-org.ch\">info@fuglister-org.ch<\/a>[\/vc_column_text][vc_widget_sidebar sidebar_id=&#8220;offcanvas-sidebar&#8220;][\/vc_column][\/vc_row]<\/p>\n<\/div>","protected":false},"excerpt":{"rendered":"<p>[vc_row css=&#8220;.vc_custom_1477581316418{margin-top: 0px !important;}&#8220;][vc_column][rev_slider_vc alias=&#8220;accueil&#8220;][\/vc_column][\/vc_row][vc_row][vc_column][vc_separator color=&#8220;black&#8220; border_width=&#8220;2&#8243;][\/vc_column][\/vc_row][vc_row][vc_column width=&#8220;3\/6&#8243;][vc_column_text el_class=&#8220;titre&#8220;] ORGELBAU F\u00dcGLISTER [\/vc_column_text][vc_column_text el_class=&#8220;titre_mini&#8220;] Die faszinierende Welt der Orgel&#8230;<\/p>\n","protected":false},"author":1,"featured_media":0,"parent":0,"menu_order":0,"comment_status":"closed","ping_status":"closed","template":"","meta":{"inline_featured_image":false,"footnotes":""},"yoast_head":"<!-- This site is optimized with the Yoast SEO plugin v21.9 - https:\/\/yoast.com\/wordpress\/plugins\/seo\/ -->\n<title>Home - F\u00fcglister Orgelbauer. - Wissen der Ahnen<\/title>\n<meta name=\"description\" content=\"Die Manufacture d&#039;orgue F\u00fcglister S\u00e0rl baut, restauriert und wartet seit Jahrzehnten Pfeifenorgeln nach klassischer Tradition.\" \/>\n<meta name=\"robots\" content=\"index, follow, max-snippet:-1, max-image-preview:large, max-video-preview:-1\" \/>\n<link rel=\"canonical\" href=\"https:\/\/fuglister-org.ch\/de\/\" \/>\n<meta property=\"og:locale\" content=\"de_DE\" \/>\n<meta property=\"og:type\" content=\"article\" \/>\n<meta property=\"og:title\" content=\"Home - F\u00fcglister Orgelbauer. - Wissen der Ahnen\" \/>\n<meta property=\"og:description\" content=\"Die Manufacture d&#039;orgue F\u00fcglister S\u00e0rl baut, restauriert und wartet seit Jahrzehnten Pfeifenorgeln nach klassischer Tradition.\" \/>\n<meta property=\"og:url\" content=\"https:\/\/fuglister-org.ch\/de\/\" \/>\n<meta property=\"og:site_name\" content=\"Orgelbau F\u00fcglister\" \/>\n<meta property=\"article:modified_time\" content=\"2022-10-10T09:18:36+00:00\" \/>\n<meta name=\"twitter:card\" content=\"summary_large_image\" \/>\n<meta name=\"twitter:label1\" content=\"Gesch\u00e4tzte Lesezeit\" \/>\n\t<meta name=\"twitter:data1\" content=\"1 Minute\" \/>\n<script type=\"application\/ld+json\" class=\"yoast-schema-graph\">{\"@context\":\"https:\/\/schema.org\",\"@graph\":[{\"@type\":\"WebPage\",\"@id\":\"https:\/\/fuglister-org.ch\/de\/\",\"url\":\"https:\/\/fuglister-org.ch\/de\/\",\"name\":\"Home - F\u00fcglister Orgelbauer. - Wissen der Ahnen\",\"isPartOf\":{\"@id\":\"https:\/\/fuglister-org.ch\/#website\"},\"datePublished\":\"2016-10-28T14:15:47+00:00\",\"dateModified\":\"2022-10-10T09:18:36+00:00\",\"description\":\"Die Manufacture d'orgue F\u00fcglister S\u00e0rl baut, restauriert und wartet seit Jahrzehnten Pfeifenorgeln nach klassischer Tradition.\",\"breadcrumb\":{\"@id\":\"https:\/\/fuglister-org.ch\/de\/#breadcrumb\"},\"inLanguage\":\"de-DE\",\"potentialAction\":[{\"@type\":\"ReadAction\",\"target\":[\"https:\/\/fuglister-org.ch\/de\/\"]}]},{\"@type\":\"BreadcrumbList\",\"@id\":\"https:\/\/fuglister-org.ch\/de\/#breadcrumb\",\"itemListElement\":[{\"@type\":\"ListItem\",\"position\":1,\"name\":\"Accueil\",\"item\":\"https:\/\/fuglister-org.ch\/de\/\"},{\"@type\":\"ListItem\",\"position\":2,\"name\":\"Startseite\"}]},{\"@type\":\"WebSite\",\"@id\":\"https:\/\/fuglister-org.ch\/#website\",\"url\":\"https:\/\/fuglister-org.ch\/\",\"name\":\"Orgelbau F\u00fcglister\",\"description\":\"\",\"potentialAction\":[{\"@type\":\"SearchAction\",\"target\":{\"@type\":\"EntryPoint\",\"urlTemplate\":\"https:\/\/fuglister-org.ch\/?s={search_term_string}\"},\"query-input\":\"required name=search_term_string\"}],\"inLanguage\":\"de-DE\"}]}<\/script>\n<!-- \/ Yoast SEO plugin. -->","yoast_head_json":{"title":"Home - F\u00fcglister Orgelbauer. - Wissen der Ahnen","description":"Die Manufacture d'orgue F\u00fcglister S\u00e0rl baut, restauriert und wartet seit Jahrzehnten Pfeifenorgeln nach klassischer Tradition.","robots":{"index":"index","follow":"follow","max-snippet":"max-snippet:-1","max-image-preview":"max-image-preview:large","max-video-preview":"max-video-preview:-1"},"canonical":"https:\/\/fuglister-org.ch\/de\/","og_locale":"de_DE","og_type":"article","og_title":"Home - F\u00fcglister Orgelbauer. - Wissen der Ahnen","og_description":"Die Manufacture d'orgue F\u00fcglister S\u00e0rl baut, restauriert und wartet seit Jahrzehnten Pfeifenorgeln nach klassischer Tradition.","og_url":"https:\/\/fuglister-org.ch\/de\/","og_site_name":"Orgelbau F\u00fcglister","article_modified_time":"2022-10-10T09:18:36+00:00","twitter_card":"summary_large_image","twitter_misc":{"Gesch\u00e4tzte Lesezeit":"1 Minute"},"schema":{"@context":"https:\/\/schema.org","@graph":[{"@type":"WebPage","@id":"https:\/\/fuglister-org.ch\/de\/","url":"https:\/\/fuglister-org.ch\/de\/","name":"Home - F\u00fcglister Orgelbauer. - Wissen der Ahnen","isPartOf":{"@id":"https:\/\/fuglister-org.ch\/#website"},"datePublished":"2016-10-28T14:15:47+00:00","dateModified":"2022-10-10T09:18:36+00:00","description":"Die Manufacture d'orgue F\u00fcglister S\u00e0rl baut, restauriert und wartet seit Jahrzehnten Pfeifenorgeln nach klassischer Tradition.","breadcrumb":{"@id":"https:\/\/fuglister-org.ch\/de\/#breadcrumb"},"inLanguage":"de-DE","potentialAction":[{"@type":"ReadAction","target":["https:\/\/fuglister-org.ch\/de\/"]}]},{"@type":"BreadcrumbList","@id":"https:\/\/fuglister-org.ch\/de\/#breadcrumb","itemListElement":[{"@type":"ListItem","position":1,"name":"Accueil","item":"https:\/\/fuglister-org.ch\/de\/"},{"@type":"ListItem","position":2,"name":"Startseite"}]},{"@type":"WebSite","@id":"https:\/\/fuglister-org.ch\/#website","url":"https:\/\/fuglister-org.ch\/","name":"Orgelbau F\u00fcglister","description":"","potentialAction":[{"@type":"SearchAction","target":{"@type":"EntryPoint","urlTemplate":"https:\/\/fuglister-org.ch\/?s={search_term_string}"},"query-input":"required name=search_term_string"}],"inLanguage":"de-DE"}]}},"_links":{"self":[{"href":"https:\/\/fuglister-org.ch\/de\/wp-json\/wp\/v2\/pages\/106"}],"collection":[{"href":"https:\/\/fuglister-org.ch\/de\/wp-json\/wp\/v2\/pages"}],"about":[{"href":"https:\/\/fuglister-org.ch\/de\/wp-json\/wp\/v2\/types\/page"}],"author":[{"embeddable":true,"href":"https:\/\/fuglister-org.ch\/de\/wp-json\/wp\/v2\/users\/1"}],"replies":[{"embeddable":true,"href":"https:\/\/fuglister-org.ch\/de\/wp-json\/wp\/v2\/comments?post=106"}],"version-history":[{"count":27,"href":"https:\/\/fuglister-org.ch\/de\/wp-json\/wp\/v2\/pages\/106\/revisions"}],"predecessor-version":[{"id":2487,"href":"https:\/\/fuglister-org.ch\/de\/wp-json\/wp\/v2\/pages\/106\/revisions\/2487"}],"wp:attachment":[{"href":"https:\/\/fuglister-org.ch\/de\/wp-json\/wp\/v2\/media?parent=106"}],"curies":[{"name":"wp","href":"https:\/\/api.w.org\/{rel}","templated":true}]}}